{"id":525,"date":"2018-10-01T19:05:07","date_gmt":"2018-10-01T19:05:07","guid":{"rendered":"http:\/\/www.tafel-friedrichshafen.de\/?page_id=525"},"modified":"2024-02-15T11:16:43","modified_gmt":"2024-02-15T11:16:43","slug":"jeder-gibt-was-er-kann","status":"publish","type":"page","link":"https:\/\/www.tafel-friedrichshafen.de\/?page_id=525","title":{"rendered":"So spenden Sie"},"content":{"rendered":"<p><strong>Geldspenden<\/strong><br \/>\nDer Gesch\u00e4ftsbetrieb verursacht Kosten, die durch Einnahmen nicht gedeckt werden k\u00f6nnen. Deshalb sind wir auf Geldspenden angewiesen. Steuerlich abzugsf\u00e4hige Zuwendungsbest\u00e4tigungen stellen wir auch f\u00fcr Mitgliedsbeitr\u00e4ge gerne aus.<\/p>\n<div id=\"attachment_1002\" style=\"width: 235px\" class=\"wp-caption alignright\"><a href=\"https:\/\/www.tafel-friedrichshafen.de\/wp-content\/uploads\/2024\/02\/IMG_0288-scaled.jpeg\"><img loading=\"lazy\" decoding=\"async\" aria-describedby=\"caption-attachment-1002\" class=\"wp-image-1002 size-medium\" src=\"https:\/\/www.tafel-friedrichshafen.de\/wp-content\/uploads\/2024\/02\/IMG_0288-225x300.jpeg\" alt=\"\" width=\"225\" height=\"300\" srcset=\"https:\/\/www.tafel-friedrichshafen.de\/wp-content\/uploads\/2024\/02\/IMG_0288-225x300.jpeg 225w, https:\/\/www.tafel-friedrichshafen.de\/wp-content\/uploads\/2024\/02\/IMG_0288-768x1024.jpeg 768w, https:\/\/www.tafel-friedrichshafen.de\/wp-content\/uploads\/2024\/02\/IMG_0288-1152x1536.jpeg 1152w, https:\/\/www.tafel-friedrichshafen.de\/wp-content\/uploads\/2024\/02\/IMG_0288-1536x2048.jpeg 1536w, https:\/\/www.tafel-friedrichshafen.de\/wp-content\/uploads\/2024\/02\/IMG_0288-scaled.jpeg 1920w\" sizes=\"auto, (max-width: 225px) 100vw, 225px\" \/><\/a><p id=\"caption-attachment-1002\" class=\"wp-caption-text\"><strong>Sie k\u00fcmmert sich mit aller Sorgfalt um Ihre Spenden, unsere Kassenwartin, Sabine Lienhard.<\/strong><\/p><\/div>\n<p><strong>Warenspenden\/Sponsoren<\/strong><br \/>\nDer \u00f6rtliche\/regionale Lebensmittelhandel spendet der Tafel regelm\u00e4\u00dfig \u00fcbersch\u00fcssige aber qualitativ ein-wandfreie Lebensmittel. Auch von privaten Spendern sind zum Beispiel haltbare Lebensmittel, wie \u00d6l, Reis, Nudeln, Konserven usw., sowie frische Waren immer willkommen.<\/p>\n<p><strong>Sponsoren, die regelm\u00e4\u00dfig der Tafel Friedrichshafen frische Waren spenden:<\/strong><br \/>\n3 x Aldi S\u00dcD Friedrichshafen<br \/>\nAldi S\u00fcd Meckenbeuren<br \/>\nB\u00e4ckerei Hamma Friedrichshafen<br \/>\nB\u00e4ckerei Kloos Friedrichshafen<br \/>\nB\u00e4ckerei TIARA Friedrichshafen<br \/>\nB\u00e4ckerei Ulmer Friedrichshafen<br \/>\nB\u00e4ckerei Weber<br \/>\nBio Mayer Meckenbeuren<br \/>\ndenn\u00b4s Biomarkt Friedrichshafen<br \/>\nKaufland Friedrichshafen<br \/>\nKaufland Eriskirch<br \/>\nLidl Friedrichshafen<br \/>\nLidl Eriskirch<br \/>\nMarktkauf Friedrichshafen<br \/>\nMetzgerei Forster Friedrichshafen<br \/>\nMetzgerei Reiss Friedrichshafen<br \/>\nPenny Langenargen<br \/>\nRewe Immenstaad<br \/>\nRewe Meckenbeuren<br \/>\n<strong>Pfandspenden:<\/strong><br \/>\nEdeka Baur Friedrichshafen<br \/>\nFeneberg Friedrichshafen<\/p>\n","protected":false},"excerpt":{"rendered":"<p>Geldspenden Der Gesch\u00e4ftsbetrieb verursacht Kosten, die durch Einnahmen nicht gedeckt werden k\u00f6nnen. Deshalb sind wir auf Geldspenden angewiesen. Steuerlich abzugsf\u00e4hige Zuwendungsbest\u00e4tigungen stellen wir auch f\u00fcr Mitgliedsbeitr\u00e4ge gerne aus. Warenspenden\/Sponsoren Der \u00f6rtliche\/regionale Lebensmittelhandel spendet der Tafel regelm\u00e4\u00dfig \u00fcbersch\u00fcssige aber qualitativ ein-wandfreie &hellip; <a href=\"https:\/\/www.tafel-friedrichshafen.de\/?page_id=525\">Weiterlesen <span class=\"meta-nav\">&rarr;<\/span><\/a><\/p>\n","protected":false},"author":1,"featured_media":0,"parent":0,"menu_order":0,"comment_status":"closed","ping_status":"closed","template":"","meta":{"footnotes":""},"class_list":["post-525","page","type-page","status-publish","hentry"],"_links":{"self":[{"href":"https:\/\/www.tafel-friedrichshafen.de\/index.php?rest_route=\/wp\/v2\/pages\/525","targetHints":{"allow":["GET"]}}],"collection":[{"href":"https:\/\/www.tafel-friedrichshafen.de\/index.php?rest_route=\/wp\/v2\/pages"}],"about":[{"href":"https:\/\/www.tafel-friedrichshafen.de\/index.php?rest_route=\/wp\/v2\/types\/page"}],"author":[{"embeddable":true,"href":"https:\/\/www.tafel-friedrichshafen.de\/index.php?rest_route=\/wp\/v2\/users\/1"}],"replies":[{"embeddable":true,"href":"https:\/\/www.tafel-friedrichshafen.de\/index.php?rest_route=%2Fwp%2Fv2%2Fcomments&post=525"}],"version-history":[{"count":31,"href":"https:\/\/www.tafel-friedrichshafen.de\/index.php?rest_route=\/wp\/v2\/pages\/525\/revisions"}],"predecessor-version":[{"id":1004,"href":"https:\/\/www.tafel-friedrichshafen.de\/index.php?rest_route=\/wp\/v2\/pages\/525\/revisions\/1004"}],"wp:attachment":[{"href":"https:\/\/www.tafel-friedrichshafen.de\/index.php?rest_route=%2Fwp%2Fv2%2Fmedia&parent=525"}],"curies":[{"name":"wp","href":"https:\/\/api.w.org\/{rel}","templated":true}]}}