{"id":61,"date":"2011-12-11T13:14:54","date_gmt":"2011-12-11T13:14:54","guid":{"rendered":"http:\/\/www.friedrichshafener-tafel.de\/?page_id=61"},"modified":"2026-03-15T13:56:06","modified_gmt":"2026-03-15T13:56:06","slug":"helfen-auch-sie","status":"publish","type":"page","link":"https:\/\/www.tafel-friedrichshafen.de\/?page_id=61","title":{"rendered":"Helfen auch Sie"},"content":{"rendered":"\n<figure class=\"wp-block-image size-large is-resized\"><a href=\"https:\/\/www.tafel-friedrichshafen.de\/wp-content\/uploads\/2026\/03\/IMG_3665-2-scaled.jpeg\"><img loading=\"lazy\" decoding=\"async\" width=\"768\" height=\"1024\" src=\"https:\/\/www.tafel-friedrichshafen.de\/wp-content\/uploads\/2026\/03\/IMG_3665-2-768x1024.jpeg\" alt=\"\" class=\"wp-image-1247\" style=\"aspect-ratio:0.7500043726934043;width:492px;height:auto\" srcset=\"https:\/\/www.tafel-friedrichshafen.de\/wp-content\/uploads\/2026\/03\/IMG_3665-2-768x1024.jpeg 768w, https:\/\/www.tafel-friedrichshafen.de\/wp-content\/uploads\/2026\/03\/IMG_3665-2-225x300.jpeg 225w, https:\/\/www.tafel-friedrichshafen.de\/wp-content\/uploads\/2026\/03\/IMG_3665-2-1152x1536.jpeg 1152w, https:\/\/www.tafel-friedrichshafen.de\/wp-content\/uploads\/2026\/03\/IMG_3665-2-1536x2048.jpeg 1536w, https:\/\/www.tafel-friedrichshafen.de\/wp-content\/uploads\/2026\/03\/IMG_3665-2-scaled.jpeg 1920w\" sizes=\"auto, (max-width: 768px) 100vw, 768px\" \/><\/a><\/figure>\n\n\n\n<p><strong>Mitarbeit<\/strong><\/p>\n\n\n\n<p>Die Tafel Friedrichshafen ist ein gemeinn\u00fctziger Verein und auf ehrenamtliche Mitarbeiter und Mitarbeiterinnen angewiesen.<\/p>\n\n\n\n<p><strong>Ehrenamtliche Mitarbeit<\/strong><\/p>\n\n\n\n<p>Mehrere zehntausend Ehrenamtliche arbeiten mit viel Engagement in \u00fcber 900 Tafeln in Deutschland. Die Arbeit als Ehrenamtlicher macht viel Freude, erfordert aber auch Kraft, Ausdauer und manches Mal starke Nerven.<\/p>\n\n\n\n<p>Etwa f\u00fcnf Stunden dauert ein Einsatz einmal in der Woche in der Friedrichshafener Tafel, der morgens um 7:30 Uhr beginnt, f\u00fcr die Fahrer\/Beifahrer mit dem Abholen der Lebensmittel sowie f\u00fcr die Verk\u00e4ufer mit dem Aufbereiten der Waren und um 10:00 Uhr mit dem Verkauf der Lebensmittel. W\u00e4hrend der Woche ist die Tafel Friedrichshafen von 10:00&nbsp; Uhr bis 12:30 Uhr ge\u00f6ffnet.<\/p>\n\n\n\n<figure class=\"wp-block-image size-large is-resized\"><a href=\"https:\/\/www.tafel-friedrichshafen.de\/wp-content\/uploads\/2026\/03\/IMG_3818-scaled.jpeg\"><img loading=\"lazy\" decoding=\"async\" width=\"801\" height=\"1024\" src=\"https:\/\/www.tafel-friedrichshafen.de\/wp-content\/uploads\/2026\/03\/IMG_3818-801x1024.jpeg\" alt=\"\" class=\"wp-image-1250\" style=\"aspect-ratio:0.7500043726934043;width:306px;height:auto\" srcset=\"https:\/\/www.tafel-friedrichshafen.de\/wp-content\/uploads\/2026\/03\/IMG_3818-801x1024.jpeg 801w, https:\/\/www.tafel-friedrichshafen.de\/wp-content\/uploads\/2026\/03\/IMG_3818-235x300.jpeg 235w, https:\/\/www.tafel-friedrichshafen.de\/wp-content\/uploads\/2026\/03\/IMG_3818-768x982.jpeg 768w, https:\/\/www.tafel-friedrichshafen.de\/wp-content\/uploads\/2026\/03\/IMG_3818-1202x1536.jpeg 1202w, https:\/\/www.tafel-friedrichshafen.de\/wp-content\/uploads\/2026\/03\/IMG_3818-1602x2048.jpeg 1602w, https:\/\/www.tafel-friedrichshafen.de\/wp-content\/uploads\/2026\/03\/IMG_3818-scaled.jpeg 2003w\" sizes=\"auto, (max-width: 801px) 100vw, 801px\" \/><\/a><\/figure>\n\n\n\n<p>Jeder Ehrenamtliche sollte ein hohes Ma\u00df an Zuverl\u00e4ssigkeit mitbringen, denn ohne seine regelm\u00e4\u00dfige Mitarbeit kann ein reibungsloser Ablauf des Ladenbetriebs nicht funktionieren.<\/p>\n\n\n\n<p>Nachfragen unter: tafelfn@t-online.de<br>oder t\u00e4glich zwischen 9:30 Uhr &nbsp;und 12:30 Uhr: &nbsp;Tel. 07541-376677<\/p>\n\n\n\n<p><strong>Mitglied werden<\/strong><\/p>\n\n\n\n<p>Der Jahresbeitrag f\u00fcr eine Mitgliedschaft in der Tafel betr\u00e4gt 15,-<span style=\"font-size: inherit;\">\u20ac,&nbsp;<\/span><span style=\"font-size: inherit;\">h\u00f6here Beitr\u00e4ge sind auch m\u00f6glich.<\/span><\/p>\n\n\n\n<h4 class=\"wp-block-heading\"><a href=\"https:\/\/www.tafel-friedrichshafen.de\/wp-content\/uploads\/2018\/05\/Mitgliedsantrag.doc\">Mitgliedserkl\u00e4rung herunterladen<\/a><\/h4>\n\n\n\n<p>Sie k\u00f6nnen sich telefonisch, per Mail oder per Post mit uns in Verbindung setzen (s. Kontaktdaten). Wir senden Ihnen gerne ein Beitrittsformular zu.<\/p>\n\n\n\n<p>Wenn Sie sich f\u00fcr eine ehrenamtliche Mitarbeit interessieren, dann rufen Sie uns an oder schreiben Sie uns eine Mail. Wir freuen uns auf Sie.<\/p>\n","protected":false},"excerpt":{"rendered":"<p>Mitarbeit Die Tafel Friedrichshafen ist ein gemeinn\u00fctziger Verein und auf ehrenamtliche Mitarbeiter und Mitarbeiterinnen angewiesen. Ehrenamtliche Mitarbeit Mehrere zehntausend Ehrenamtliche arbeiten mit viel Engagement in \u00fcber 900 Tafeln in Deutschland. Die Arbeit als Ehrenamtlicher macht viel Freude, erfordert aber auch &hellip; <a href=\"https:\/\/www.tafel-friedrichshafen.de\/?page_id=61\">Weiterlesen <span class=\"meta-nav\">&rarr;<\/span><\/a><\/p>\n","protected":false},"author":1,"featured_media":0,"parent":0,"menu_order":3,"comment_status":"closed","ping_status":"open","template":"","meta":{"footnotes":""},"class_list":["post-61","page","type-page","status-publish","hentry"],"_links":{"self":[{"href":"https:\/\/www.tafel-friedrichshafen.de\/index.php?rest_route=\/wp\/v2\/pages\/61","targetHints":{"allow":["GET"]}}],"collection":[{"href":"https:\/\/www.tafel-friedrichshafen.de\/index.php?rest_route=\/wp\/v2\/pages"}],"about":[{"href":"https:\/\/www.tafel-friedrichshafen.de\/index.php?rest_route=\/wp\/v2\/types\/page"}],"author":[{"embeddable":true,"href":"https:\/\/www.tafel-friedrichshafen.de\/index.php?rest_route=\/wp\/v2\/users\/1"}],"replies":[{"embeddable":true,"href":"https:\/\/www.tafel-friedrichshafen.de\/index.php?rest_route=%2Fwp%2Fv2%2Fcomments&post=61"}],"version-history":[{"count":48,"href":"https:\/\/www.tafel-friedrichshafen.de\/index.php?rest_route=\/wp\/v2\/pages\/61\/revisions"}],"predecessor-version":[{"id":1251,"href":"https:\/\/www.tafel-friedrichshafen.de\/index.php?rest_route=\/wp\/v2\/pages\/61\/revisions\/1251"}],"wp:attachment":[{"href":"https:\/\/www.tafel-friedrichshafen.de\/index.php?rest_route=%2Fwp%2Fv2%2Fmedia&parent=61"}],"curies":[{"name":"wp","href":"https:\/\/api.w.org\/{rel}","templated":true}]}}