{"id":65,"date":"2011-12-11T13:16:08","date_gmt":"2011-12-11T13:16:08","guid":{"rendered":"http:\/\/www.friedrichshafener-tafel.de\/?page_id=65"},"modified":"2018-10-05T18:30:25","modified_gmt":"2018-10-05T18:30:25","slug":"kontakt-impressum","status":"publish","type":"page","link":"https:\/\/www.tafel-friedrichshafen.de\/?page_id=65","title":{"rendered":"Impressum"},"content":{"rendered":"<p><strong>Tafel\u00a0Friedrichshafen e.V.<\/strong><\/p>\n<p><strong>Postanschrift:<\/strong><br \/>\nKeplerstra\u00dfe 27<br \/>\n88045 Friedrichshafen<\/p>\n<p>Tel.: 07541 376677<br \/>\nFax: 07541 398256<br \/>\nE-Mail: Tafelfn@t-online.de<br \/>\nwww.tafel-friedrichshafen.de<\/p>\n<p><strong>Vertretungsberechtigter Vorstand:<\/strong><\/p>\n<p>Dieter Stauber (1. Vorsitzender)<br \/>\npostalisch \u00fcber die Postanschrift des Vereins zu erreichen<\/p>\n<p>Amtsgericht Ulm &#8211; Registergericht-<br \/>\nZeughausstra\u00dfe 14<br \/>\n89073 Ulm<br \/>\nVereinsregister VR630727<\/p>\n<p>Haftungshinweis: Trotz sorgf\u00e4ltiger inhaltlicher Kontrolle \u00fcbernehmen wir keine Haftung f\u00fcr die Inhalte externer Links. F\u00fcr den Inhalt der verlinkten Seiten sind ausschlie\u00dflich deren Betreiber verantwortlich<\/p>\n","protected":false},"excerpt":{"rendered":"<p>Tafel\u00a0Friedrichshafen e.V. Postanschrift: Keplerstra\u00dfe 27 88045 Friedrichshafen Tel.: 07541 376677 Fax: 07541 398256 E-Mail: Tafelfn@t-online.de www.tafel-friedrichshafen.de Vertretungsberechtigter Vorstand: Dieter Stauber (1. Vorsitzender) postalisch \u00fcber die Postanschrift des Vereins zu erreichen Amtsgericht Ulm &#8211; Registergericht- Zeughausstra\u00dfe 14 89073 Ulm Vereinsregister VR630727 &hellip; <a href=\"https:\/\/www.tafel-friedrichshafen.de\/?page_id=65\">Weiterlesen <span class=\"meta-nav\">&rarr;<\/span><\/a><\/p>\n","protected":false},"author":1,"featured_media":0,"parent":0,"menu_order":5,"comment_status":"closed","ping_status":"open","template":"","meta":{"footnotes":""},"class_list":["post-65","page","type-page","status-publish","hentry"],"_links":{"self":[{"href":"https:\/\/www.tafel-friedrichshafen.de\/index.php?rest_route=\/wp\/v2\/pages\/65","targetHints":{"allow":["GET"]}}],"collection":[{"href":"https:\/\/www.tafel-friedrichshafen.de\/index.php?rest_route=\/wp\/v2\/pages"}],"about":[{"href":"https:\/\/www.tafel-friedrichshafen.de\/index.php?rest_route=\/wp\/v2\/types\/page"}],"author":[{"embeddable":true,"href":"https:\/\/www.tafel-friedrichshafen.de\/index.php?rest_route=\/wp\/v2\/users\/1"}],"replies":[{"embeddable":true,"href":"https:\/\/www.tafel-friedrichshafen.de\/index.php?rest_route=%2Fwp%2Fv2%2Fcomments&post=65"}],"version-history":[{"count":16,"href":"https:\/\/www.tafel-friedrichshafen.de\/index.php?rest_route=\/wp\/v2\/pages\/65\/revisions"}],"predecessor-version":[{"id":573,"href":"https:\/\/www.tafel-friedrichshafen.de\/index.php?rest_route=\/wp\/v2\/pages\/65\/revisions\/573"}],"wp:attachment":[{"href":"https:\/\/www.tafel-friedrichshafen.de\/index.php?rest_route=%2Fwp%2Fv2%2Fmedia&parent=65"}],"curies":[{"name":"wp","href":"https:\/\/api.w.org\/{rel}","templated":true}]}}