{"id":923,"date":"2023-01-30T20:05:48","date_gmt":"2023-01-30T20:05:48","guid":{"rendered":"https:\/\/www.tafel-friedrichshafen.de\/?page_id=923"},"modified":"2023-01-31T16:55:44","modified_gmt":"2023-01-31T16:55:44","slug":"spenden","status":"publish","type":"page","link":"https:\/\/www.tafel-friedrichshafen.de\/?page_id=923","title":{"rendered":"Spenden"},"content":{"rendered":"<p><script src=\"https:\/\/api.spendino.de\/donationmanager\/themed_forms\/display\/3745\"><\/script><\/p>\n<p>Bei Spenden und Mitgliedsbeitr\u00e4gen ist bis zu 300\u20ac je Zahlung ist keine formale Zuwendungsbescheinigung erforderlich. Als vereinfachter Nachweis gilt: Ein einfacher Kontoauszug, eine Buchungsbest\u00e4tigung der \u00dcberweisung oder ein Einzahlungsbeleg.<br \/>\nAusnahme: Spenden, die \u00fcber das Online-Bezahlsystem Paypal abgewickelt werden, k\u00f6nnen nicht durch den Paypal-Kontoauszug bzw. den Ausdruck der Transaktionsdetails vereinfacht nachgewiesen werden.<br \/>\nBitte melden Sie sich dann per Mail bei uns.<\/p>\n","protected":false},"excerpt":{"rendered":"<p>Bei Spenden und Mitgliedsbeitr\u00e4gen ist bis zu 300\u20ac je Zahlung ist keine formale Zuwendungsbescheinigung erforderlich. Als vereinfachter Nachweis gilt: Ein einfacher Kontoauszug, eine Buchungsbest\u00e4tigung der \u00dcberweisung oder ein Einzahlungsbeleg. Ausnahme: Spenden, die \u00fcber das Online-Bezahlsystem Paypal abgewickelt werden, k\u00f6nnen nicht &hellip; <a href=\"https:\/\/www.tafel-friedrichshafen.de\/?page_id=923\">Weiterlesen <span class=\"meta-nav\">&rarr;<\/span><\/a><\/p>\n","protected":false},"author":1,"featured_media":0,"parent":525,"menu_order":0,"comment_status":"closed","ping_status":"closed","template":"onecolumn-page.php","meta":{"footnotes":""},"class_list":["post-923","page","type-page","status-publish","hentry"],"_links":{"self":[{"href":"https:\/\/www.tafel-friedrichshafen.de\/index.php?rest_route=\/wp\/v2\/pages\/923","targetHints":{"allow":["GET"]}}],"collection":[{"href":"https:\/\/www.tafel-friedrichshafen.de\/index.php?rest_route=\/wp\/v2\/pages"}],"about":[{"href":"https:\/\/www.tafel-friedrichshafen.de\/index.php?rest_route=\/wp\/v2\/types\/page"}],"author":[{"embeddable":true,"href":"https:\/\/www.tafel-friedrichshafen.de\/index.php?rest_route=\/wp\/v2\/users\/1"}],"replies":[{"embeddable":true,"href":"https:\/\/www.tafel-friedrichshafen.de\/index.php?rest_route=%2Fwp%2Fv2%2Fcomments&post=923"}],"version-history":[{"count":5,"href":"https:\/\/www.tafel-friedrichshafen.de\/index.php?rest_route=\/wp\/v2\/pages\/923\/revisions"}],"predecessor-version":[{"id":930,"href":"https:\/\/www.tafel-friedrichshafen.de\/index.php?rest_route=\/wp\/v2\/pages\/923\/revisions\/930"}],"up":[{"embeddable":true,"href":"https:\/\/www.tafel-friedrichshafen.de\/index.php?rest_route=\/wp\/v2\/pages\/525"}],"wp:attachment":[{"href":"https:\/\/www.tafel-friedrichshafen.de\/index.php?rest_route=%2Fwp%2Fv2%2Fmedia&parent=923"}],"curies":[{"name":"wp","href":"https:\/\/api.w.org\/{rel}","templated":true}]}}